{"id":396660,"date":"2025-05-14T11:15:37","date_gmt":"2025-05-14T10:15:37","guid":{"rendered":"https:\/\/tidabisa.com\/conditions-generales-de-vente\/"},"modified":"2025-06-23T11:19:13","modified_gmt":"2025-06-23T10:19:13","slug":"mentions-legales","status":"publish","type":"page","link":"https:\/\/tidabisa.com\/fr\/mentions-legales\/","title":{"rendered":"Mentions Legales"},"content":{"rendered":"<p>[et_pb_section fb_built=&#8221;1&#8243; _builder_version=&#8221;4.27.4&#8243; _module_preset=&#8221;default&#8221; background_color=&#8221;#0A0000&#8243; custom_margin=&#8221;||||false|false&#8221; custom_padding=&#8221;160px||54px||false|false&#8221; da_disable_devices=&#8221;off|off|off&#8221; global_colors_info=&#8221;{}&#8221; da_is_popup=&#8221;off&#8221; da_exit_intent=&#8221;off&#8221; da_has_close=&#8221;on&#8221; da_alt_close=&#8221;off&#8221; da_dark_close=&#8221;off&#8221; da_not_modal=&#8221;on&#8221; da_is_singular=&#8221;off&#8221; da_with_loader=&#8221;off&#8221; da_has_shadow=&#8221;on&#8221;][et_pb_row module_class=&#8221;tablet-two-cols&#8221; _builder_version=&#8221;4.21.0&#8243; _module_preset=&#8221;default&#8221; width_tablet=&#8221;90%&#8221; width_phone=&#8221;90%&#8221; width_last_edited=&#8221;on|tablet&#8221; global_colors_info=&#8221;{}&#8221;][et_pb_column type=&#8221;4_4&#8243; _builder_version=&#8221;4.21.0&#8243; _module_preset=&#8221;default&#8221; global_colors_info=&#8221;{}&#8221;][et_pb_text _builder_version=&#8221;4.27.4&#8243; _module_preset=&#8221;default&#8221; text_font=&#8221;League Spartan|800||on|||||&#8221; text_text_color=&#8221;#FFFFFF&#8221; text_font_size=&#8221;78px&#8221; text_line_height=&#8221;78px&#8221; custom_margin=&#8221;||10px|||&#8221; text_font_size_tablet=&#8221;41px&#8221; text_font_size_phone=&#8221;34px&#8221; text_font_size_last_edited=&#8221;on|phone&#8221; text_line_height_tablet=&#8221;41px&#8221; text_line_height_phone=&#8221;36px&#8221; text_line_height_last_edited=&#8221;on|tablet&#8221; global_colors_info=&#8221;{}&#8221;]<\/p>\n<p><strong>MENTIONS L\u00c9GALES<\/strong><\/p>\n<p>[\/et_pb_text][\/et_pb_column][\/et_pb_row][\/et_pb_section][et_pb_section fb_built=&#8221;1&#8243; _builder_version=&#8221;4.21.0&#8243; _module_preset=&#8221;default&#8221; da_disable_devices=&#8221;off|off|off&#8221; global_colors_info=&#8221;{}&#8221; da_is_popup=&#8221;off&#8221; da_exit_intent=&#8221;off&#8221; da_has_close=&#8221;on&#8221; da_alt_close=&#8221;off&#8221; da_dark_close=&#8221;off&#8221; da_not_modal=&#8221;on&#8221; da_is_singular=&#8221;off&#8221; da_with_loader=&#8221;off&#8221; da_has_shadow=&#8221;on&#8221;][et_pb_row _builder_version=&#8221;4.21.0&#8243; _module_preset=&#8221;default&#8221; global_colors_info=&#8221;{}&#8221;][et_pb_column type=&#8221;4_4&#8243; _builder_version=&#8221;4.21.0&#8243; _module_preset=&#8221;default&#8221; global_colors_info=&#8221;{}&#8221;][et_pb_text _builder_version=&#8221;4.27.4&#8243; _module_preset=&#8221;default&#8221; text_font=&#8221;League Spartan|300|||||||&#8221; text_text_color=&#8221;#0A0000&#8243; text_font_size=&#8221;18px&#8221; link_font=&#8221;|600|||on||||&#8221; link_text_color=&#8221;#0A0000&#8243; custom_margin=&#8221;0px||||false|false&#8221; custom_padding=&#8221;0px||||false|false&#8221; global_colors_info=&#8221;{}&#8221;]<\/p>\n<p><strong>Editeur<\/strong><br \/>Soci\u00e9t\u00e9 : TIDA BISA FZE<br \/>Si\u00e8ge social : FDRK0405 Compass Building, Al Shohada Road, AL Hamra Industrial Zone-FZ,Ras Al Khaimah, United Arab Emirates , repr\u00e9sent\u00e9e par Mme Karine Trioullier en qualit\u00e9 de G\u00e9rante, d\u00fbment habilit\u00e9 aux fins des pr\u00e9sentes. La soci\u00e9t\u00e9 peut \u00eatre jointe par e-mail \u00e0 tida@tidabisa.com.<\/p>\n<p><strong>Capital social<\/strong><br \/>License : Registered in the UAE n\u00b0 6001959<\/p>\n<p><strong>Responsable et contact :<\/strong><br \/>Karine Trioullier , CEO Tida Bisa<br \/>T\u00e9l\u00e9phone : <a href=\"tel:971552049555\">+971552049555<\/a><br \/>Contact Webmaster : <a href=\"mailto:tida@tidabisa.com\">tida@tidabisa.com<\/a><\/p>\n<p><strong>H\u00e9bergeur<\/strong><br \/>Le site web www.tidabisa.com est h\u00e9berg\u00e9 par:<br \/>Bluehost \u2013 Headquarters: <a class=\"font-color-white\" href=\"tel:+4402080372308\"><\/a>1st Floor Saffron House, 6-10 Kirby Street, London EC1N 8TS &#8211; United Kingdom <a class=\"font-color-white\" href=\"tel:+4402080372308\">+44 (0) 20 8037.2308<\/a><\/p>\n<p>Le site tidabisa.lpages.co est h\u00e9berg\u00e9 par LeadPages.<\/p>\n<p>L&#8217;\u00e9diteur s&#8217;engage \u00e0 respecter l&#8217;ensemble des lois concernant la mise en place et l&#8217;activit\u00e9 d&#8217;une page de vente sur Internet. Pour plus d&#8217;information, consultez nos r\u00e8gles de confidentialit\u00e9: <a href=\"https:\/\/tidabisa.com\/fr\/politique-de-confidentialite\/\">https:\/\/tidabisa.com\/fr\/politique-de-confidentialite\/<\/a><\/p>\n<p>Le site careerkueen.com est h\u00e9berg\u00e9 par Wix.<\/p>\n<p>[\/et_pb_text][\/et_pb_column][\/et_pb_row][\/et_pb_section]<\/p>\n","protected":false},"excerpt":{"rendered":"<p>MENTIONS L\u00c9GALESEditeurSoci\u00e9t\u00e9 : TIDA BISA FZESi\u00e8ge social : FDRK0405 Compass Building, Al Shohada Road, AL Hamra Industrial Zone-FZ,Ras Al Khaimah, United Arab Emirates , repr\u00e9sent\u00e9e par Mme Karine Trioullier en qualit\u00e9 de G\u00e9rante, d\u00fbment habilit\u00e9 aux fins des pr\u00e9sentes. La soci\u00e9t\u00e9 peut \u00eatre jointe par e-mail \u00e0 tida@tidabisa.com. Capital socialLicense : Registered in the UAE [&hellip;]<\/p>\n","protected":false},"author":2,"featured_media":0,"parent":0,"menu_order":0,"comment_status":"closed","ping_status":"closed","template":"","meta":{"nf_dc_page":"","_et_pb_use_builder":"on","_et_pb_old_content":"","_et_gb_content_width":"","om_disable_all_campaigns":false,"_monsterinsights_skip_tracking":false,"_monsterinsights_sitenote_active":false,"_monsterinsights_sitenote_note":"","_monsterinsights_sitenote_category":0,"footnotes":""},"class_list":["post-396660","page","type-page","status-publish","hentry"],"yoast_head":"<!-- This site is optimized with the Yoast SEO Premium plugin v26.9 (Yoast SEO v27.4) - https:\/\/yoast.com\/product\/yoast-seo-premium-wordpress\/ -->\n<title>Mentions Legales - Tidabisa<\/title>\n<meta name=\"robots\" content=\"index, follow, max-snippet:-1, max-image-preview:large, max-video-preview:-1\" \/>\n<link rel=\"canonical\" href=\"https:\/\/tidabisa.com\/fr\/mentions-legales\/\" \/>\n<meta property=\"og:locale\" content=\"fr_FR\" \/>\n<meta property=\"og:type\" content=\"article\" \/>\n<meta property=\"og:title\" content=\"Mentions Legales\" \/>\n<meta property=\"og:description\" content=\"MENTIONS L\u00c9GALESEditeurSoci\u00e9t\u00e9 : TIDA BISA FZESi\u00e8ge social : FDRK0405 Compass Building, Al Shohada Road, AL Hamra Industrial Zone-FZ,Ras Al Khaimah, United Arab Emirates , repr\u00e9sent\u00e9e par Mme Karine Trioullier en qualit\u00e9 de G\u00e9rante, d\u00fbment habilit\u00e9 aux fins des pr\u00e9sentes. La soci\u00e9t\u00e9 peut \u00eatre jointe par e-mail \u00e0 tida@tidabisa.com. Capital socialLicense : Registered in the UAE [&hellip;]\" \/>\n<meta property=\"og:url\" content=\"https:\/\/tidabisa.com\/fr\/mentions-legales\/\" \/>\n<meta property=\"og:site_name\" content=\"Tidabisa\" \/>\n<meta property=\"article:modified_time\" content=\"2025-06-23T10:19:13+00:00\" \/>\n<meta name=\"twitter:card\" content=\"summary_large_image\" \/>\n<meta name=\"twitter:label1\" content=\"Dur\u00e9e de lecture estim\u00e9e\" \/>\n\t<meta name=\"twitter:data1\" content=\"1 minute\" \/>\n<script type=\"application\/ld+json\" class=\"yoast-schema-graph\">{\"@context\":\"https:\\\/\\\/schema.org\",\"@graph\":[{\"@type\":\"WebPage\",\"@id\":\"https:\\\/\\\/tidabisa.com\\\/fr\\\/mentions-legales\\\/\",\"url\":\"https:\\\/\\\/tidabisa.com\\\/fr\\\/mentions-legales\\\/\",\"name\":\"Mentions Legales - Tidabisa\",\"isPartOf\":{\"@id\":\"https:\\\/\\\/evh.nir.mybluehost.me\\\/#website\"},\"datePublished\":\"2025-05-14T10:15:37+00:00\",\"dateModified\":\"2025-06-23T10:19:13+00:00\",\"breadcrumb\":{\"@id\":\"https:\\\/\\\/tidabisa.com\\\/fr\\\/mentions-legales\\\/#breadcrumb\"},\"inLanguage\":\"fr-FR\",\"potentialAction\":[{\"@type\":\"ReadAction\",\"target\":[\"https:\\\/\\\/tidabisa.com\\\/fr\\\/mentions-legales\\\/\"]}]},{\"@type\":\"BreadcrumbList\",\"@id\":\"https:\\\/\\\/tidabisa.com\\\/fr\\\/mentions-legales\\\/#breadcrumb\",\"itemListElement\":[{\"@type\":\"ListItem\",\"position\":1,\"name\":\"Accueil\",\"item\":\"https:\\\/\\\/tidabisa.com\\\/fr\\\/\"},{\"@type\":\"ListItem\",\"position\":2,\"name\":\"Mentions Legales\"}]},{\"@type\":\"WebSite\",\"@id\":\"https:\\\/\\\/evh.nir.mybluehost.me\\\/#website\",\"url\":\"https:\\\/\\\/evh.nir.mybluehost.me\\\/\",\"name\":\"Tidabisa\",\"description\":\"\",\"potentialAction\":[{\"@type\":\"SearchAction\",\"target\":{\"@type\":\"EntryPoint\",\"urlTemplate\":\"https:\\\/\\\/evh.nir.mybluehost.me\\\/?s={search_term_string}\"},\"query-input\":{\"@type\":\"PropertyValueSpecification\",\"valueRequired\":true,\"valueName\":\"search_term_string\"}}],\"inLanguage\":\"fr-FR\"}]}<\/script>\n<!-- \/ Yoast SEO Premium plugin. -->","yoast_head_json":{"title":"Mentions Legales - Tidabisa","robots":{"index":"index","follow":"follow","max-snippet":"max-snippet:-1","max-image-preview":"max-image-preview:large","max-video-preview":"max-video-preview:-1"},"canonical":"https:\/\/tidabisa.com\/fr\/mentions-legales\/","og_locale":"fr_FR","og_type":"article","og_title":"Mentions Legales","og_description":"MENTIONS L\u00c9GALESEditeurSoci\u00e9t\u00e9 : TIDA BISA FZESi\u00e8ge social : FDRK0405 Compass Building, Al Shohada Road, AL Hamra Industrial Zone-FZ,Ras Al Khaimah, United Arab Emirates , repr\u00e9sent\u00e9e par Mme Karine Trioullier en qualit\u00e9 de G\u00e9rante, d\u00fbment habilit\u00e9 aux fins des pr\u00e9sentes. La soci\u00e9t\u00e9 peut \u00eatre jointe par e-mail \u00e0 tida@tidabisa.com. Capital socialLicense : Registered in the UAE [&hellip;]","og_url":"https:\/\/tidabisa.com\/fr\/mentions-legales\/","og_site_name":"Tidabisa","article_modified_time":"2025-06-23T10:19:13+00:00","twitter_card":"summary_large_image","twitter_misc":{"Dur\u00e9e de lecture estim\u00e9e":"1 minute"},"schema":{"@context":"https:\/\/schema.org","@graph":[{"@type":"WebPage","@id":"https:\/\/tidabisa.com\/fr\/mentions-legales\/","url":"https:\/\/tidabisa.com\/fr\/mentions-legales\/","name":"Mentions Legales - Tidabisa","isPartOf":{"@id":"https:\/\/evh.nir.mybluehost.me\/#website"},"datePublished":"2025-05-14T10:15:37+00:00","dateModified":"2025-06-23T10:19:13+00:00","breadcrumb":{"@id":"https:\/\/tidabisa.com\/fr\/mentions-legales\/#breadcrumb"},"inLanguage":"fr-FR","potentialAction":[{"@type":"ReadAction","target":["https:\/\/tidabisa.com\/fr\/mentions-legales\/"]}]},{"@type":"BreadcrumbList","@id":"https:\/\/tidabisa.com\/fr\/mentions-legales\/#breadcrumb","itemListElement":[{"@type":"ListItem","position":1,"name":"Accueil","item":"https:\/\/tidabisa.com\/fr\/"},{"@type":"ListItem","position":2,"name":"Mentions Legales"}]},{"@type":"WebSite","@id":"https:\/\/evh.nir.mybluehost.me\/#website","url":"https:\/\/evh.nir.mybluehost.me\/","name":"Tidabisa","description":"","potentialAction":[{"@type":"SearchAction","target":{"@type":"EntryPoint","urlTemplate":"https:\/\/evh.nir.mybluehost.me\/?s={search_term_string}"},"query-input":{"@type":"PropertyValueSpecification","valueRequired":true,"valueName":"search_term_string"}}],"inLanguage":"fr-FR"}]}},"jetpack_sharing_enabled":true,"_links":{"self":[{"href":"https:\/\/tidabisa.com\/fr\/wp-json\/wp\/v2\/pages\/396660","targetHints":{"allow":["GET"]}}],"collection":[{"href":"https:\/\/tidabisa.com\/fr\/wp-json\/wp\/v2\/pages"}],"about":[{"href":"https:\/\/tidabisa.com\/fr\/wp-json\/wp\/v2\/types\/page"}],"author":[{"embeddable":true,"href":"https:\/\/tidabisa.com\/fr\/wp-json\/wp\/v2\/users\/2"}],"replies":[{"embeddable":true,"href":"https:\/\/tidabisa.com\/fr\/wp-json\/wp\/v2\/comments?post=396660"}],"version-history":[{"count":11,"href":"https:\/\/tidabisa.com\/fr\/wp-json\/wp\/v2\/pages\/396660\/revisions"}],"predecessor-version":[{"id":397161,"href":"https:\/\/tidabisa.com\/fr\/wp-json\/wp\/v2\/pages\/396660\/revisions\/397161"}],"wp:attachment":[{"href":"https:\/\/tidabisa.com\/fr\/wp-json\/wp\/v2\/media?parent=396660"}],"curies":[{"name":"wp","href":"https:\/\/api.w.org\/{rel}","templated":true}]}}