{"id":396645,"date":"2025-04-20T11:07:01","date_gmt":"2025-04-20T10:07:01","guid":{"rendered":"https:\/\/tidabisa.com\/conferenciere\/"},"modified":"2025-08-06T08:12:57","modified_gmt":"2025-08-06T07:12:57","slug":"conferenciere","status":"publish","type":"page","link":"https:\/\/tidabisa.com\/fr\/conferenciere\/","title":{"rendered":"Conf\u00e9rences"},"content":{"rendered":"<p>[et_pb_section fb_built=&#8221;1&#8243; disabled_on=&#8221;on|on|off&#8221; admin_label=&#8221;Desktop Section&#8221; _builder_version=&#8221;4.27.4&#8243; _module_preset=&#8221;default&#8221; background_image=&#8221;https:\/\/tidabisa.com\/wp-content\/uploads\/2025\/07\/Speaker1920x10802lines.jpg&#8221; background_size=&#8221;stretch&#8221; background_enable_video_mp4=&#8221;off&#8221; min_height=&#8221;100vh&#8221; height=&#8221;100vh&#8221; max_height=&#8221;100vh&#8221; custom_padding=&#8221;0px||0px||true|false&#8221; da_disable_devices=&#8221;off|off|off&#8221; locked=&#8221;off&#8221; collapsed=&#8221;off&#8221; global_colors_info=&#8221;{}&#8221; da_is_popup=&#8221;off&#8221; da_exit_intent=&#8221;off&#8221; da_has_close=&#8221;on&#8221; da_alt_close=&#8221;off&#8221; da_dark_close=&#8221;off&#8221; da_not_modal=&#8221;on&#8221; da_is_singular=&#8221;off&#8221; da_with_loader=&#8221;off&#8221; da_has_shadow=&#8221;on&#8221;][et_pb_row _builder_version=&#8221;4.27.4&#8243; _module_preset=&#8221;default&#8221; max_width=&#8221;100%&#8221; min_height=&#8221;100%&#8221; height=&#8221;100%&#8221; max_height=&#8221;100%&#8221; custom_margin=&#8221;||||true&#8221; custom_padding=&#8221;18%||18%||true|false&#8221; global_colors_info=&#8221;{}&#8221;][et_pb_column type=&#8221;4_4&#8243; _builder_version=&#8221;4.27.4&#8243; _module_preset=&#8221;default&#8221; animation_style=&#8221;fold&#8221; animation_direction=&#8221;left&#8221; global_colors_info=&#8221;{}&#8221;][\/et_pb_column][\/et_pb_row][\/et_pb_section][et_pb_section fb_built=&#8221;1&#8243; disabled_on=&#8221;off|on|on&#8221; admin_label=&#8221;Mobile Section&#8221; _builder_version=&#8221;4.27.4&#8243; _module_preset=&#8221;default&#8221; background_image=&#8221;https:\/\/tidabisa.com\/wp-content\/uploads\/2025\/07\/Speaker1920x10802lines.jpg&#8221; background_position=&#8221;top_left&#8221; background_enable_video_mp4=&#8221;off&#8221; min_height=&#8221;100vh&#8221; height=&#8221;100vh&#8221; max_height=&#8221;100vh&#8221; custom_padding=&#8221;0px||0px||true|false&#8221; da_disable_devices=&#8221;off|off|off&#8221; locked=&#8221;off&#8221; collapsed=&#8221;off&#8221; global_colors_info=&#8221;{}&#8221; da_is_popup=&#8221;off&#8221; da_exit_intent=&#8221;off&#8221; da_has_close=&#8221;on&#8221; da_alt_close=&#8221;off&#8221; da_dark_close=&#8221;off&#8221; da_not_modal=&#8221;on&#8221; da_is_singular=&#8221;off&#8221; da_with_loader=&#8221;off&#8221; da_has_shadow=&#8221;on&#8221;][et_pb_row _builder_version=&#8221;4.27.4&#8243; _module_preset=&#8221;default&#8221; max_width=&#8221;100%&#8221; min_height=&#8221;100%&#8221; height=&#8221;100%&#8221; max_height=&#8221;100%&#8221; custom_margin=&#8221;||||true&#8221; custom_padding=&#8221;160px||40px||false|false&#8221; global_colors_info=&#8221;{}&#8221;][et_pb_column type=&#8221;4_4&#8243; _builder_version=&#8221;4.27.4&#8243; _module_preset=&#8221;default&#8221; global_colors_info=&#8221;{}&#8221;][\/et_pb_column][\/et_pb_row][\/et_pb_section][et_pb_section fb_built=&#8221;1&#8243; _builder_version=&#8221;4.27.4&#8243; _module_preset=&#8221;default&#8221; background_enable_image=&#8221;off&#8221; background_enable_video_mp4=&#8221;off&#8221; module_alignment=&#8221;center&#8221; min_height=&#8221;100vh&#8221; height=&#8221;100vh&#8221; max_height=&#8221;100vh&#8221; custom_margin=&#8221;||||false|false&#8221; custom_padding=&#8221;0px||0px||true|false&#8221; da_disable_devices=&#8221;off|off|off&#8221; locked=&#8221;off&#8221; global_colors_info=&#8221;{}&#8221; da_is_popup=&#8221;off&#8221; da_exit_intent=&#8221;off&#8221; da_has_close=&#8221;on&#8221; da_alt_close=&#8221;off&#8221; da_dark_close=&#8221;off&#8221; da_not_modal=&#8221;on&#8221; da_is_singular=&#8221;off&#8221; da_with_loader=&#8221;off&#8221; da_has_shadow=&#8221;on&#8221;][et_pb_row make_equal=&#8221;on&#8221; disabled_on=&#8221;on|on|off&#8221; admin_label=&#8221;Rang\u00e9e de bureaux&#8221; _builder_version=&#8221;4.27.4&#8243; _module_preset=&#8221;default&#8221; max_height=&#8221;100%&#8221; custom_margin=&#8221;||||true|false&#8221; custom_padding=&#8221;0px|10px|0px|10px|true|true&#8221; global_colors_info=&#8221;{}&#8221;][et_pb_column type=&#8221;4_4&#8243; _builder_version=&#8221;4.27.4&#8243; _module_preset=&#8221;default&#8221; background_color=&#8221;#FFFFFF&#8221; custom_padding=&#8221;8%|10px|8%|10px|true|true&#8221; animation_style=&#8221;fold&#8221; animation_direction=&#8221;bottom&#8221; global_colors_info=&#8221;{}&#8221;][et_pb_heading title=&#8221;UNE PAROLE \u00c9FFICACE COMMENCE PAR UNE PENS\u00c9E CR\u00c9ATIVE&#8221; disabled_on=&#8221;on|on|off&#8221; _builder_version=&#8221;4.27.4&#8243; _module_preset=&#8221;default&#8221; title_level=&#8221;h2&#8243; title_font=&#8221;|800|||||||&#8221; width=&#8221;69.5%&#8221; custom_margin=&#8221;0px|0.2%|0px||true|false&#8221; locked=&#8221;off&#8221; global_colors_info=&#8221;{}&#8221;][\/et_pb_heading][et_pb_text _builder_version=&#8221;4.27.4&#8243; _module_preset=&#8221;default&#8221; global_colors_info=&#8221;{}&#8221;][\/et_pb_text][et_pb_blurb image=&#8221;https:\/\/tidabisa.com\/wp-content\/uploads\/2025\/04\/tidabisa-ico-1.png&#8221; image_icon_width=&#8221;70%&#8221; content_max_width=&#8221;150px&#8221; module_class=&#8221;icon-inline&#8221; _builder_version=&#8221;4.27.4&#8243; _module_preset=&#8221;default&#8221; global_colors_info=&#8221;{}&#8221;]<\/p>\n<p style=\"text-align: center;\"><strong>MOBILIT\u00c9 PROFESSIONNELLE<\/strong><\/p>\n<p>[\/et_pb_blurb][et_pb_blurb image=&#8221;https:\/\/tidabisa.com\/wp-content\/uploads\/2025\/04\/tidabisa-ico-2.png&#8221; image_icon_width=&#8221;70%&#8221; content_max_width=&#8221;150px&#8221; module_class=&#8221;icon-inline&#8221; _builder_version=&#8221;4.27.4&#8243; _module_preset=&#8221;default&#8221; global_colors_info=&#8221;{}&#8221;]<\/p>\n<p style=\"text-align: center;\"><strong>LE FUTUR DU TRAVAIL<\/strong><\/p>\n<p>[\/et_pb_blurb][et_pb_blurb image=&#8221;https:\/\/tidabisa.com\/wp-content\/uploads\/2025\/04\/tidabisa-ico-3.png&#8221; image_icon_width=&#8221;70%&#8221; content_max_width=&#8221;150px&#8221; module_class=&#8221;icon-inline&#8221; _builder_version=&#8221;4.27.4&#8243; _module_preset=&#8221;default&#8221; global_colors_info=&#8221;{}&#8221;]<\/p>\n<p style=\"text-align: center;\"><strong>EMPLOYABILIT\u00c9<\/strong><\/p>\n<p>[\/et_pb_blurb][et_pb_blurb image=&#8221;https:\/\/tidabisa.com\/wp-content\/uploads\/2025\/04\/tidabisa-ico-4.png&#8221; image_icon_width=&#8221;70%&#8221; content_max_width=&#8221;150px&#8221; module_class=&#8221;icon-inline&#8221; _builder_version=&#8221;4.27.4&#8243; _module_preset=&#8221;default&#8221; global_colors_info=&#8221;{}&#8221;]<\/p>\n<p style=\"text-align: center;\"><strong>FACILITATION<\/strong><\/p>\n<p>[\/et_pb_blurb][et_pb_divider show_divider=&#8221;off&#8221; _builder_version=&#8221;4.27.4&#8243; _module_preset=&#8221;default&#8221; custom_margin=&#8221;10px||10px||true|false&#8221; global_colors_info=&#8221;{}&#8221;][\/et_pb_divider][et_pb_text _builder_version=&#8221;4.27.4&#8243; _module_preset=&#8221;default&#8221; global_colors_info=&#8221;{}&#8221;]Nos prises de parole sont con\u00e7ues pour d\u00e9clencher des conversations qui comptent et donner aux \u00e9quipes les cl\u00e9s pour s\u2019\u00e9panouir dans un monde du travail en pleine transformation. Qu\u2019il s\u2019agisse du futur du travail, du d\u00e9veloppement de carri\u00e8re, du management efficace ou de l\u2019orientation professionnelle, nos experts apportent <span style=\"background-color: yellow; color: black;\">des \u00e9clairages concrets et des perspectives qui bousculent les id\u00e9es re\u00e7ues.<\/span><\/p>\n<p>En compl\u00e9ment de nos conf\u00e9rences, nous proposons des services de facilitation con\u00e7us pour renforcer la collaboration et g\u00e9n\u00e9rer des r\u00e9sultats concrets au sein de vos \u00e9quipes. Qu\u2019il s\u2019agisse de red\u00e9finir des objectifs, de relever des d\u00e9fis organisationnels ou de faire \u00e9merger un leadership plus solide, nous concevons des exp\u00e9riences interactives qui suscitent l\u2019engagement et produisent un impact durable. Faites \u00e9voluer vos \u00e9quipes avec des prises de parole qui \u00e9veillent les id\u00e9es et une facilitation <span style=\"background-color: yellow; color: black;\">qui fait avancer les choses<\/span>.[\/et_pb_text][et_pb_divider show_divider=&#8221;off&#8221; _builder_version=&#8221;4.27.4&#8243; _module_preset=&#8221;default&#8221; custom_margin=&#8221;10px||10px||true|false&#8221; global_colors_info=&#8221;{}&#8221;][\/et_pb_divider][et_pb_button button_url=&#8221;@ET-DC@eyJkeW5hbWljIjp0cnVlLCJjb250ZW50IjoicG9zdF9saW5rX3VybF9wYWdlIiwic2V0dGluZ3MiOnsicG9zdF9pZCI6IjM5NTc1NiJ9fQ==@&#8221; button_text=&#8221;INSPIREZ VOTRE \u00c9QUIPE&#8221; button_alignment=&#8221;center&#8221; module_class=&#8221;popmake-396136&#8243; _builder_version=&#8221;4.27.4&#8243; _dynamic_attributes=&#8221;button_url&#8221; _module_preset=&#8221;default&#8221; custom_button=&#8221;on&#8221; button_text_size=&#8221;26px&#8221; button_text_color=&#8221;#000000&#8243; button_border_color=&#8221;#000000&#8243; button_font=&#8221;|800|||||||&#8221; locked=&#8221;off&#8221; global_colors_info=&#8221;{}&#8221;][\/et_pb_button][\/et_pb_column][\/et_pb_row][et_pb_row make_equal=&#8221;on&#8221; admin_label=&#8221;Rang\u00e9e mobile&#8221; _builder_version=&#8221;4.27.4&#8243; _module_preset=&#8221;default&#8221; max_height=&#8221;100%&#8221; custom_margin=&#8221;||||true|false&#8221; custom_padding=&#8221;0px|10px|0px|10px|true|true&#8221; global_colors_info=&#8221;{}&#8221;][et_pb_column type=&#8221;4_4&#8243; disabled_on=&#8221;off|off|on&#8221; _builder_version=&#8221;4.27.4&#8243; _module_preset=&#8221;default&#8221; background_color=&#8221;#FFFFFF&#8221; custom_padding=&#8221;8%|10px|8%|10px|true|true&#8221; animation_style=&#8221;fold&#8221; animation_direction=&#8221;bottom&#8221; global_colors_info=&#8221;{}&#8221;][et_pb_blurb image=&#8221;https:\/\/tidabisa.com\/wp-content\/uploads\/2025\/04\/tidabisa-ico-1.png&#8221; _builder_version=&#8221;4.27.4&#8243; _module_preset=&#8221;default&#8221; global_colors_info=&#8221;{}&#8221;]<\/p>\n<p style=\"text-align: center;\"><strong>MOBILIT\u00c9 PROFESSIONNELLE<\/strong><\/p>\n<p>[\/et_pb_blurb][et_pb_blurb image=&#8221;https:\/\/tidabisa.com\/wp-content\/uploads\/2025\/04\/tidabisa-ico-2.png&#8221; _builder_version=&#8221;4.27.4&#8243; _module_preset=&#8221;default&#8221; global_colors_info=&#8221;{}&#8221;]<\/p>\n<p style=\"text-align: center;\"><strong>LE FUTUR DU TRAVAIL<\/strong><\/p>\n<p>[\/et_pb_blurb][et_pb_blurb image=&#8221;https:\/\/tidabisa.com\/wp-content\/uploads\/2025\/04\/tidabisa-ico-3.png&#8221; _builder_version=&#8221;4.27.4&#8243; _module_preset=&#8221;default&#8221; global_colors_info=&#8221;{}&#8221;]<\/p>\n<p style=\"text-align: center;\"><strong>EMPLOYABILIT\u00c9<\/strong><\/p>\n<p>[\/et_pb_blurb][et_pb_blurb image=&#8221;https:\/\/tidabisa.com\/wp-content\/uploads\/2025\/04\/tidabisa-ico-4.png&#8221; _builder_version=&#8221;4.27.4&#8243; _module_preset=&#8221;default&#8221; global_colors_info=&#8221;{}&#8221;]<\/p>\n<p style=\"text-align: center;\"><strong>FACILITATION<\/strong><\/p>\n<p>[\/et_pb_blurb][et_pb_divider show_divider=&#8221;off&#8221; _builder_version=&#8221;4.27.4&#8243; _module_preset=&#8221;default&#8221; custom_margin=&#8221;10px||10px||true|false&#8221; global_colors_info=&#8221;{}&#8221;][\/et_pb_divider][et_pb_text _builder_version=&#8221;4.27.4&#8243; _module_preset=&#8221;default&#8221; global_colors_info=&#8221;{}&#8221;]Nos prises de parole sont con\u00e7ues pour d\u00e9clencher des conversations qui comptent et donner aux \u00e9quipes les cl\u00e9s pour s\u2019\u00e9panouir dans un monde du travail en pleine transformation. Qu\u2019il s\u2019agisse du futur du travail, du d\u00e9veloppement de carri\u00e8re, du management efficace ou de l\u2019orientation professionnelle, nos experts apportent <span style=\"background-color: yellow; color: black;\">des \u00e9clairages concrets et des perspectives qui bousculent les id\u00e9es re\u00e7ues.<\/span><\/p>\n<p>En compl\u00e9ment de nos conf\u00e9rences, nous proposons des services de facilitation con\u00e7us pour renforcer la collaboration et g\u00e9n\u00e9rer des r\u00e9sultats concrets au sein de vos \u00e9quipes. Qu\u2019il s\u2019agisse de red\u00e9finir des objectifs, de relever des d\u00e9fis organisationnels ou de faire \u00e9merger un leadership plus solide, nous concevons des exp\u00e9riences interactives qui suscitent l\u2019engagement et produisent un impact durable. Faites \u00e9voluer vos \u00e9quipes avec des prises de parole qui \u00e9veillent les id\u00e9es et une facilitation <span style=\"background-color: yellow; color: black;\">qui fait avancer les choses<\/span>.[\/et_pb_text][et_pb_divider show_divider=&#8221;off&#8221; _builder_version=&#8221;4.27.4&#8243; _module_preset=&#8221;default&#8221; custom_margin=&#8221;10px||10px||true|false&#8221; global_colors_info=&#8221;{}&#8221;][\/et_pb_divider][et_pb_button button_text=&#8221;INSPIREZ VOTRE \u00c9QUIPE&#8221; button_alignment=&#8221;center&#8221; module_class=&#8221;popmake-396136&#8243; _builder_version=&#8221;4.27.4&#8243; _module_preset=&#8221;default&#8221; custom_button=&#8221;on&#8221; button_text_color=&#8221;#000000&#8243; button_border_color=&#8221;#000000&#8243; button_font=&#8221;|800|||||||&#8221; hover_enabled=&#8221;0&#8243; locked=&#8221;off&#8221; global_colors_info=&#8221;{}&#8221; sticky_enabled=&#8221;0&#8243;][\/et_pb_button][\/et_pb_column][\/et_pb_row][\/et_pb_section][et_pb_section fb_built=&#8221;1&#8243; _builder_version=&#8221;4.27.4&#8243; _module_preset=&#8221;default&#8221; animation_style=&#8221;fold&#8221; animation_direction=&#8221;bottom&#8221; da_disable_devices=&#8221;off|off|off&#8221; global_colors_info=&#8221;{}&#8221; da_is_popup=&#8221;off&#8221; da_exit_intent=&#8221;off&#8221; da_has_close=&#8221;on&#8221; da_alt_close=&#8221;off&#8221; da_dark_close=&#8221;off&#8221; da_not_modal=&#8221;on&#8221; da_is_singular=&#8221;off&#8221; da_with_loader=&#8221;off&#8221; da_has_shadow=&#8221;on&#8221;][et_pb_row _builder_version=&#8221;4.27.4&#8243; _module_preset=&#8221;default&#8221; global_colors_info=&#8221;{}&#8221;][et_pb_column type=&#8221;4_4&#8243; _builder_version=&#8221;4.27.4&#8243; _module_preset=&#8221;default&#8221; global_colors_info=&#8221;{}&#8221;][\/et_pb_column][\/et_pb_row][\/et_pb_section]<\/p>\n","protected":false},"excerpt":{"rendered":"<p>MOBILIT\u00c9 PROFESSIONNELLELE FUTUR DU TRAVAILEMPLOYABILIT\u00c9FACILITATIONNos prises de parole sont con\u00e7ues pour d\u00e9clencher des conversations qui comptent et donner aux \u00e9quipes les cl\u00e9s pour s\u2019\u00e9panouir dans un monde du travail en pleine transformation. Qu\u2019il s\u2019agisse du futur du travail, du d\u00e9veloppement de carri\u00e8re, du management efficace ou de l\u2019orientation professionnelle, nos experts apportent des \u00e9clairages concrets [&hellip;]<\/p>\n","protected":false},"author":4,"featured_media":0,"parent":0,"menu_order":0,"comment_status":"closed","ping_status":"closed","template":"","meta":{"nf_dc_page":"","_et_pb_use_builder":"on","_et_pb_old_content":"","_et_gb_content_width":"","om_disable_all_campaigns":false,"_monsterinsights_skip_tracking":false,"_monsterinsights_sitenote_active":false,"_monsterinsights_sitenote_note":"","_monsterinsights_sitenote_category":0,"footnotes":""},"class_list":["post-396645","page","type-page","status-publish","hentry"],"yoast_head":"<!-- This site is optimized with the Yoast SEO Premium plugin v26.9 (Yoast SEO v27.1.1) - https:\/\/yoast.com\/product\/yoast-seo-premium-wordpress\/ -->\n<title>Conf\u00e9rences - Tidabisa<\/title>\n<meta name=\"robots\" content=\"index, follow, max-snippet:-1, max-image-preview:large, max-video-preview:-1\" \/>\n<link rel=\"canonical\" href=\"https:\/\/tidabisa.com\/fr\/conferenciere\/\" \/>\n<meta property=\"og:locale\" content=\"fr_FR\" \/>\n<meta property=\"og:type\" content=\"article\" \/>\n<meta property=\"og:title\" content=\"Conf\u00e9rences\" \/>\n<meta property=\"og:description\" content=\"MOBILIT\u00c9 PROFESSIONNELLELE FUTUR DU TRAVAILEMPLOYABILIT\u00c9FACILITATIONNos prises de parole sont con\u00e7ues pour d\u00e9clencher des conversations qui comptent et donner aux \u00e9quipes les cl\u00e9s pour s\u2019\u00e9panouir dans un monde du travail en pleine transformation. Qu\u2019il s\u2019agisse du futur du travail, du d\u00e9veloppement de carri\u00e8re, du management efficace ou de l\u2019orientation professionnelle, nos experts apportent des \u00e9clairages concrets [&hellip;]\" \/>\n<meta property=\"og:url\" content=\"https:\/\/tidabisa.com\/fr\/conferenciere\/\" \/>\n<meta property=\"og:site_name\" content=\"Tidabisa\" \/>\n<meta property=\"article:modified_time\" content=\"2025-08-06T07:12:57+00:00\" \/>\n<meta name=\"twitter:card\" content=\"summary_large_image\" \/>\n<meta name=\"twitter:label1\" content=\"Dur\u00e9e de lecture estim\u00e9e\" \/>\n\t<meta name=\"twitter:data1\" content=\"7 minutes\" \/>\n<script type=\"application\/ld+json\" class=\"yoast-schema-graph\">{\"@context\":\"https:\/\/schema.org\",\"@graph\":[{\"@type\":\"WebPage\",\"@id\":\"https:\/\/tidabisa.com\/fr\/conferenciere\/\",\"url\":\"https:\/\/tidabisa.com\/fr\/conferenciere\/\",\"name\":\"Conf\u00e9rences - Tidabisa\",\"isPartOf\":{\"@id\":\"https:\/\/evh.nir.mybluehost.me\/#website\"},\"datePublished\":\"2025-04-20T10:07:01+00:00\",\"dateModified\":\"2025-08-06T07:12:57+00:00\",\"breadcrumb\":{\"@id\":\"https:\/\/tidabisa.com\/fr\/conferenciere\/#breadcrumb\"},\"inLanguage\":\"fr-FR\",\"potentialAction\":[{\"@type\":\"ReadAction\",\"target\":[\"https:\/\/tidabisa.com\/fr\/conferenciere\/\"]}]},{\"@type\":\"BreadcrumbList\",\"@id\":\"https:\/\/tidabisa.com\/fr\/conferenciere\/#breadcrumb\",\"itemListElement\":[{\"@type\":\"ListItem\",\"position\":1,\"name\":\"Accueil\",\"item\":\"https:\/\/tidabisa.com\/fr\/\"},{\"@type\":\"ListItem\",\"position\":2,\"name\":\"Conf\u00e9rences\"}]},{\"@type\":\"WebSite\",\"@id\":\"https:\/\/evh.nir.mybluehost.me\/#website\",\"url\":\"https:\/\/evh.nir.mybluehost.me\/\",\"name\":\"Tidabisa\",\"description\":\"\",\"potentialAction\":[{\"@type\":\"SearchAction\",\"target\":{\"@type\":\"EntryPoint\",\"urlTemplate\":\"https:\/\/evh.nir.mybluehost.me\/?s={search_term_string}\"},\"query-input\":{\"@type\":\"PropertyValueSpecification\",\"valueRequired\":true,\"valueName\":\"search_term_string\"}}],\"inLanguage\":\"fr-FR\"}]}<\/script>\n<!-- \/ Yoast SEO Premium plugin. -->","yoast_head_json":{"title":"Conf\u00e9rences - Tidabisa","robots":{"index":"index","follow":"follow","max-snippet":"max-snippet:-1","max-image-preview":"max-image-preview:large","max-video-preview":"max-video-preview:-1"},"canonical":"https:\/\/tidabisa.com\/fr\/conferenciere\/","og_locale":"fr_FR","og_type":"article","og_title":"Conf\u00e9rences","og_description":"MOBILIT\u00c9 PROFESSIONNELLELE FUTUR DU TRAVAILEMPLOYABILIT\u00c9FACILITATIONNos prises de parole sont con\u00e7ues pour d\u00e9clencher des conversations qui comptent et donner aux \u00e9quipes les cl\u00e9s pour s\u2019\u00e9panouir dans un monde du travail en pleine transformation. Qu\u2019il s\u2019agisse du futur du travail, du d\u00e9veloppement de carri\u00e8re, du management efficace ou de l\u2019orientation professionnelle, nos experts apportent des \u00e9clairages concrets [&hellip;]","og_url":"https:\/\/tidabisa.com\/fr\/conferenciere\/","og_site_name":"Tidabisa","article_modified_time":"2025-08-06T07:12:57+00:00","twitter_card":"summary_large_image","twitter_misc":{"Dur\u00e9e de lecture estim\u00e9e":"7 minutes"},"schema":{"@context":"https:\/\/schema.org","@graph":[{"@type":"WebPage","@id":"https:\/\/tidabisa.com\/fr\/conferenciere\/","url":"https:\/\/tidabisa.com\/fr\/conferenciere\/","name":"Conf\u00e9rences - Tidabisa","isPartOf":{"@id":"https:\/\/evh.nir.mybluehost.me\/#website"},"datePublished":"2025-04-20T10:07:01+00:00","dateModified":"2025-08-06T07:12:57+00:00","breadcrumb":{"@id":"https:\/\/tidabisa.com\/fr\/conferenciere\/#breadcrumb"},"inLanguage":"fr-FR","potentialAction":[{"@type":"ReadAction","target":["https:\/\/tidabisa.com\/fr\/conferenciere\/"]}]},{"@type":"BreadcrumbList","@id":"https:\/\/tidabisa.com\/fr\/conferenciere\/#breadcrumb","itemListElement":[{"@type":"ListItem","position":1,"name":"Accueil","item":"https:\/\/tidabisa.com\/fr\/"},{"@type":"ListItem","position":2,"name":"Conf\u00e9rences"}]},{"@type":"WebSite","@id":"https:\/\/evh.nir.mybluehost.me\/#website","url":"https:\/\/evh.nir.mybluehost.me\/","name":"Tidabisa","description":"","potentialAction":[{"@type":"SearchAction","target":{"@type":"EntryPoint","urlTemplate":"https:\/\/evh.nir.mybluehost.me\/?s={search_term_string}"},"query-input":{"@type":"PropertyValueSpecification","valueRequired":true,"valueName":"search_term_string"}}],"inLanguage":"fr-FR"}]}},"jetpack_sharing_enabled":true,"_links":{"self":[{"href":"https:\/\/tidabisa.com\/fr\/wp-json\/wp\/v2\/pages\/396645","targetHints":{"allow":["GET"]}}],"collection":[{"href":"https:\/\/tidabisa.com\/fr\/wp-json\/wp\/v2\/pages"}],"about":[{"href":"https:\/\/tidabisa.com\/fr\/wp-json\/wp\/v2\/types\/page"}],"author":[{"embeddable":true,"href":"https:\/\/tidabisa.com\/fr\/wp-json\/wp\/v2\/users\/4"}],"replies":[{"embeddable":true,"href":"https:\/\/tidabisa.com\/fr\/wp-json\/wp\/v2\/comments?post=396645"}],"version-history":[{"count":14,"href":"https:\/\/tidabisa.com\/fr\/wp-json\/wp\/v2\/pages\/396645\/revisions"}],"predecessor-version":[{"id":397377,"href":"https:\/\/tidabisa.com\/fr\/wp-json\/wp\/v2\/pages\/396645\/revisions\/397377"}],"wp:attachment":[{"href":"https:\/\/tidabisa.com\/fr\/wp-json\/wp\/v2\/media?parent=396645"}],"curies":[{"name":"wp","href":"https:\/\/api.w.org\/{rel}","templated":true}]}}